{"id":19,"date":"2025-06-14T13:09:17","date_gmt":"2025-06-14T11:09:17","guid":{"rendered":"https:\/\/www.kechmust.com\/?page_id=19"},"modified":"2025-06-17T23:42:17","modified_gmt":"2025-06-17T21:42:17","slug":"location-villa","status":"publish","type":"page","link":"https:\/\/www.kechmust.com\/index.php\/location-villa\/","title":{"rendered":"Location Villas"},"content":{"rendered":"\t\t<div data-elementor-type=\"wp-page\" data-elementor-id=\"19\" class=\"elementor elementor-19\">\n\t\t\t\t\t\t<header class=\"elementor-section elementor-top-section elementor-element elementor-element-7a8cc72 elementor-section-height-min-height elementor-section-boxed elementor-section-height-default elementor-section-items-middle\" data-id=\"7a8cc72\" data-element_type=\"section\" data-settings=\"{&quot;background_background&quot;:&quot;classic&quot;,&quot;shape_divider_bottom&quot;:&quot;book&quot;}\">\n\t\t\t\t\t\t\t<div class=\"elementor-background-overlay\"><\/div>\n\t\t\t\t\t\t<div class=\"elementor-shape elementor-shape-bottom\" aria-hidden=\"true\" data-negative=\"false\">\n\t\t\t<svg xmlns=\"http:\/\/www.w3.org\/2000\/svg\" viewBox=\"0 0 1000 100\" preserveAspectRatio=\"none\">\n\t<path class=\"elementor-shape-fill\" d=\"M194,99c186.7,0.7,305-78.3,306-97.2c1,18.9,119.3,97.9,306,97.2c114.3-0.3,194,0.3,194,0.3s0-91.7,0-100c0,0,0,0,0-0 L0,0v99.3C0,99.3,79.7,98.7,194,99z\"\/>\n<\/svg>\t\t<\/div>\n\t\t\t\t\t<div class=\"elementor-container elementor-column-gap-no\">\n\t\t\t\t\t<div class=\"elementor-column elementor-col-100 elementor-top-column elementor-element elementor-element-56660ab\" data-id=\"56660ab\" data-element_type=\"column\">\n\t\t\t<div class=\"elementor-widget-wrap elementor-element-populated\">\n\t\t\t\t\t\t<section class=\"elementor-section elementor-inner-section elementor-element elementor-element-26b5541 elementor-section-boxed elementor-section-height-default elementor-section-height-default\" data-id=\"26b5541\" data-element_type=\"section\">\n\t\t\t\t\t\t<div class=\"elementor-container elementor-column-gap-extended\">\n\t\t\t\t\t<div class=\"elementor-column elementor-col-100 elementor-inner-column elementor-element elementor-element-37b5608\" data-id=\"37b5608\" data-element_type=\"column\">\n\t\t\t<div class=\"elementor-widget-wrap elementor-element-populated\">\n\t\t\t\t\t\t<div class=\"elementor-element elementor-element-34695c4 elementor-invisible elementor-widget elementor-widget-heading\" data-id=\"34695c4\" data-element_type=\"widget\" data-settings=\"{&quot;_animation&quot;:&quot;fadeInUp&quot;}\" data-widget_type=\"heading.default\">\n\t\t\t\t<div class=\"elementor-widget-container\">\n\t\t\t\t\t<h2 class=\"elementor-heading-title elementor-size-default\">Louez une Villa d\u2019Exception \u00e0 Marrakech<\/h2>\t\t\t\t<\/div>\n\t\t\t\t<\/div>\n\t\t\t\t<div class=\"elementor-element elementor-element-bed5f97 elementor-hidden-phone elementor-widget elementor-widget-text-editor\" data-id=\"bed5f97\" data-element_type=\"widget\" data-widget_type=\"text-editor.default\">\n\t\t\t\t<div class=\"elementor-widget-container\">\n\t\t\t\t\t\t\t\t\t<p>Chaque villa est soigneusement s\u00e9lectionn\u00e9e pour offrir confort, intimit\u00e9 <br \/>et services premium.<\/p>\t\t\t\t\t\t\t\t<\/div>\n\t\t\t\t<\/div>\n\t\t\t\t\t<\/div>\n\t\t<\/div>\n\t\t\t\t\t<\/div>\n\t\t<\/section>\n\t\t\t\t\t<\/div>\n\t\t<\/div>\n\t\t\t\t\t<\/div>\n\t\t<\/header>\n\t\t\t\t<section class=\"elementor-section elementor-top-section elementor-element elementor-element-a883509 elementor-section-boxed elementor-section-height-default elementor-section-height-default\" data-id=\"a883509\" data-element_type=\"section\" data-settings=\"{&quot;background_background&quot;:&quot;classic&quot;}\">\n\t\t\t\t\t\t<div class=\"elementor-container elementor-column-gap-extended\">\n\t\t\t\t\t<div class=\"elementor-column elementor-col-100 elementor-top-column elementor-element elementor-element-136e70f\" data-id=\"136e70f\" data-element_type=\"column\">\n\t\t\t<div class=\"elementor-widget-wrap elementor-element-populated\">\n\t\t\t\t\t\t<div class=\"elementor-element elementor-element-c9e486e elementor-invisible elementor-widget elementor-widget-heading\" data-id=\"c9e486e\" data-element_type=\"widget\" data-settings=\"{&quot;_animation&quot;:&quot;fadeInUp&quot;}\" data-widget_type=\"heading.default\">\n\t\t\t\t<div class=\"elementor-widget-container\">\n\t\t\t\t\t<h3 class=\"elementor-heading-title elementor-size-default\">10 raisons de louer une villa de luxe avec Kech Must \u00e0 Marrakech<\/h3>\t\t\t\t<\/div>\n\t\t\t\t<\/div>\n\t\t\t\t<section class=\"elementor-section elementor-top-section elementor-element elementor-element-0468d3b elementor-section-boxed elementor-section-height-default elementor-section-height-default\" data-id=\"0468d3b\" data-element_type=\"section\" data-settings=\"{&quot;background_background&quot;:&quot;classic&quot;}\">\n\t\t\t\t\t\t<div class=\"elementor-container elementor-column-gap-extended\">\n\t\t\t\t\t<div class=\"elementor-column elementor-col-50 elementor-top-column elementor-element elementor-element-372d7df\" data-id=\"372d7df\" data-element_type=\"column\">\n\t\t\t<div class=\"elementor-widget-wrap elementor-element-populated\">\n\t\t\t\t\t\t<div class=\"elementor-element elementor-element-b7e1e70 elementor-widget elementor-widget-text-editor\" data-id=\"b7e1e70\" data-element_type=\"widget\" data-widget_type=\"text-editor.default\">\n\t\t\t\t<div class=\"elementor-widget-container\">\n\t\t\t\t\t\t\t\t\t<h3 data-start=\"441\" data-end=\"486\">1. \u2705 Villas s\u00e9lectionn\u00e9es avec exigence<\/h3><p data-start=\"487\" data-end=\"611\">Chaque villa est choisie pour son architecture, ses prestations, sa s\u00e9curit\u00e9 et son ambiance unique. Aucune place au hasard.<\/p><h3 data-start=\"613\" data-end=\"666\">2. \u2705 Piscine priv\u00e9e &amp; jardin rien que pour vous<\/h3><p data-start=\"667\" data-end=\"771\">Profitez du soleil de Marrakech en toute intimit\u00e9 avec des espaces ext\u00e9rieurs privatifs, sans vis-\u00e0-vis.<\/p><h3 data-start=\"773\" data-end=\"810\">3. \u2705 Personnel de maison inclus<\/h3><p data-start=\"811\" data-end=\"914\">Majordome, cuisinier, femme de m\u00e9nage : vivez une exp\u00e9rience h\u00f4teli\u00e8re dans un cadre priv\u00e9 et exclusif.<\/p><h3 data-start=\"916\" data-end=\"952\">4. \u2705 Luxe, confort et s\u00e9r\u00e9nit\u00e9<\/h3><p data-start=\"953\" data-end=\"1075\">Des int\u00e9rieurs spacieux, d\u00e9cor\u00e9s avec go\u00fbt, climatis\u00e9s, \u00e9quip\u00e9s des derni\u00e8res technologies et pens\u00e9s pour votre bien-\u00eatre.<\/p><h3 data-start=\"1077\" data-end=\"1109\">5. \u2705 Quartiers de prestige<\/h3><p data-start=\"1110\" data-end=\"1229\">Palmeraie, Route de l\u2019Ourika, Bab Atlas\u2026 Nos villas se situent dans les endroits les plus recherch\u00e9s de la ville rouge.<\/p>\t\t\t\t\t\t\t\t<\/div>\n\t\t\t\t<\/div>\n\t\t\t\t\t<\/div>\n\t\t<\/div>\n\t\t\t\t<div class=\"elementor-column elementor-col-50 elementor-top-column elementor-element elementor-element-1ad0153\" data-id=\"1ad0153\" data-element_type=\"column\">\n\t\t\t<div class=\"elementor-widget-wrap elementor-element-populated\">\n\t\t\t\t\t\t<div class=\"elementor-element elementor-element-7ba891a elementor-widget elementor-widget-text-editor\" data-id=\"7ba891a\" data-element_type=\"widget\" data-widget_type=\"text-editor.default\">\n\t\t\t\t<div class=\"elementor-widget-container\">\n\t\t\t\t\t\t\t\t\t<h3 data-start=\"1194\" data-end=\"1235\">6. \u2705 Une alternative chic \u00e0 l\u2019h\u00f4tel<\/h3><p data-start=\"1236\" data-end=\"1344\">Plus d\u2019espace, plus d\u2019intimit\u00e9, plus de libert\u00e9 : nos appartements sont id\u00e9aux pour les voyageurs exigeants.<\/p><h3 data-start=\"1346\" data-end=\"1385\">7. \u2705 Rapport qualit\u00e9-prix optimal<\/h3><p data-start=\"1386\" data-end=\"1465\">Des prestations dignes des plus grands h\u00f4tels, \u00e0 un tarif bien plus avantageux.<\/p><h3 data-start=\"1467\" data-end=\"1498\">8. \u2705 Accueil personnalis\u00e9<\/h3><p data-start=\"1499\" data-end=\"1601\">Check-in flexible, panier de bienvenue, conseils locaux\u2026 chaque d\u00e9tail est pens\u00e9 pour vous satisfaire.<\/p><h3 data-start=\"1603\" data-end=\"1645\">9. \u2705 R\u00e9servation rapide et s\u00e9curis\u00e9e<\/h3><p data-start=\"1646\" data-end=\"1733\">Via WhatsApp, e-mail ou formulaire en ligne, r\u00e9servez facilement et en toute confiance.<\/p><h3 data-start=\"1735\" data-end=\"1773\">10. \u2705 Une \u00e9quipe disponible 7j\/7<\/h3><p data-start=\"1774\" data-end=\"1851\">Nous restons joignables \u00e0 tout moment pour vous assister durant votre s\u00e9jour.<\/p>\t\t\t\t\t\t\t\t<\/div>\n\t\t\t\t<\/div>\n\t\t\t\t\t<\/div>\n\t\t<\/div>\n\t\t\t\t\t<\/div>\n\t\t<\/section>\n\t\t\t\t<section class=\"elementor-section elementor-inner-section elementor-element elementor-element-57ce126 elementor-section-boxed elementor-section-height-default elementor-section-height-default elementor-invisible\" data-id=\"57ce126\" data-element_type=\"section\" data-settings=\"{&quot;animation&quot;:&quot;fadeInUp&quot;,&quot;background_background&quot;:&quot;classic&quot;}\">\n\t\t\t\t\t\t<div class=\"elementor-container elementor-column-gap-extended\">\n\t\t\t\t\t<div class=\"elementor-column elementor-col-50 elementor-inner-column elementor-element elementor-element-8970bd4\" data-id=\"8970bd4\" data-element_type=\"column\">\n\t\t\t<div class=\"elementor-widget-wrap elementor-element-populated\">\n\t\t\t\t\t\t<div class=\"elementor-element elementor-element-158f0f9 elementor-align-right elementor-mobile-align-center elementor-widget elementor-widget-button\" data-id=\"158f0f9\" data-element_type=\"widget\" data-widget_type=\"button.default\">\n\t\t\t\t<div class=\"elementor-widget-container\">\n\t\t\t\t\t\t\t\t\t<div class=\"elementor-button-wrapper\">\n\t\t\t\t\t<a class=\"elementor-button elementor-button-link elementor-size-sm\" href=\"https:\/\/www.kechmust.com\/index.php\/location-villa\/\">\n\t\t\t\t\t\t<span class=\"elementor-button-content-wrapper\">\n\t\t\t\t\t\t\t\t\t<span class=\"elementor-button-text\">Les Villas de Luxe<\/span>\n\t\t\t\t\t<\/span>\n\t\t\t\t\t<\/a>\n\t\t\t\t<\/div>\n\t\t\t\t\t\t\t\t<\/div>\n\t\t\t\t<\/div>\n\t\t\t\t\t<\/div>\n\t\t<\/div>\n\t\t\t\t<div class=\"elementor-column elementor-col-50 elementor-inner-column elementor-element elementor-element-5cd1538\" data-id=\"5cd1538\" data-element_type=\"column\">\n\t\t\t<div class=\"elementor-widget-wrap elementor-element-populated\">\n\t\t\t\t\t\t<div class=\"elementor-element elementor-element-95d059b elementor-align-left elementor-mobile-align-center elementor-widget elementor-widget-button\" data-id=\"95d059b\" data-element_type=\"widget\" data-widget_type=\"button.default\">\n\t\t\t\t<div class=\"elementor-widget-container\">\n\t\t\t\t\t\t\t\t\t<div class=\"elementor-button-wrapper\">\n\t\t\t\t\t<a class=\"elementor-button elementor-button-link elementor-size-sm\" href=\"https:\/\/www.kechmust.com\/index.php\/location-appartement\/\">\n\t\t\t\t\t\t<span class=\"elementor-button-content-wrapper\">\n\t\t\t\t\t\t\t\t\t<span class=\"elementor-button-text\">Les appartements<\/span>\n\t\t\t\t\t<\/span>\n\t\t\t\t\t<\/a>\n\t\t\t\t<\/div>\n\t\t\t\t\t\t\t\t<\/div>\n\t\t\t\t<\/div>\n\t\t\t\t\t<\/div>\n\t\t<\/div>\n\t\t\t\t\t<\/div>\n\t\t<\/section>\n\t\t\t\t\t<\/div>\n\t\t<\/div>\n\t\t\t\t\t<\/div>\n\t\t<\/section>\n\t\t\t\t<\/div>\n\t\t","protected":false},"excerpt":{"rendered":"<p>Louez une Villa d\u2019Exception \u00e0 Marrakech Chaque villa est soigneusement s\u00e9lectionn\u00e9e pour offrir confort, intimit\u00e9 et services premium. 10 raisons de louer une villa de luxe avec Kech Must \u00e0 Marrakech 1. \u2705 Villas s\u00e9lectionn\u00e9es avec exigence Chaque villa est choisie pour son architecture, ses prestations, sa s\u00e9curit\u00e9 et son ambiance unique. Aucune place au&#8230;<\/p>\n","protected":false},"author":1,"featured_media":0,"parent":0,"menu_order":0,"comment_status":"closed","ping_status":"closed","template":"","meta":{"_kad_post_transparent":"","_kad_post_title":"hide","_kad_post_layout":"fullwidth","_kad_post_sidebar_id":"","_kad_post_content_style":"unboxed","_kad_post_vertical_padding":"hide","_kad_post_feature":"hide","_kad_post_feature_position":"","_kad_post_header":false,"_kad_post_footer":false,"footnotes":""},"class_list":["post-19","page","type-page","status-publish","hentry"],"_links":{"self":[{"href":"https:\/\/www.kechmust.com\/index.php\/wp-json\/wp\/v2\/pages\/19","targetHints":{"allow":["GET"]}}],"collection":[{"href":"https:\/\/www.kechmust.com\/index.php\/wp-json\/wp\/v2\/pages"}],"about":[{"href":"https:\/\/www.kechmust.com\/index.php\/wp-json\/wp\/v2\/types\/page"}],"author":[{"embeddable":true,"href":"https:\/\/www.kechmust.com\/index.php\/wp-json\/wp\/v2\/users\/1"}],"replies":[{"embeddable":true,"href":"https:\/\/www.kechmust.com\/index.php\/wp-json\/wp\/v2\/comments?post=19"}],"version-history":[{"count":14,"href":"https:\/\/www.kechmust.com\/index.php\/wp-json\/wp\/v2\/pages\/19\/revisions"}],"predecessor-version":[{"id":229,"href":"https:\/\/www.kechmust.com\/index.php\/wp-json\/wp\/v2\/pages\/19\/revisions\/229"}],"wp:attachment":[{"href":"https:\/\/www.kechmust.com\/index.php\/wp-json\/wp\/v2\/media?parent=19"}],"curies":[{"name":"wp","href":"https:\/\/api.w.org\/{rel}","templated":true}]}}