{"id":24,"date":"2025-06-14T13:13:10","date_gmt":"2025-06-14T11:13:10","guid":{"rendered":"https:\/\/www.kechmust.com\/?page_id=24"},"modified":"2025-10-12T18:39:32","modified_gmt":"2025-10-12T16:39:32","slug":"sortir-a-marrakech","status":"publish","type":"page","link":"https:\/\/www.kechmust.com\/index.php\/sortir-a-marrakech\/","title":{"rendered":"Sortir \u00e0 Marrakech"},"content":{"rendered":"\t\t<div data-elementor-type=\"wp-page\" data-elementor-id=\"24\" class=\"elementor elementor-24\">\n\t\t\t\t\t\t<section class=\"elementor-section elementor-top-section elementor-element elementor-element-13d81a78 elementor-section-content-middle elementor-section-boxed elementor-section-height-default elementor-section-height-default\" data-id=\"13d81a78\" data-element_type=\"section\" data-settings=\"{&quot;background_background&quot;:&quot;classic&quot;}\">\n\t\t\t\t\t\t\t<div class=\"elementor-background-overlay\"><\/div>\n\t\t\t\t\t\t\t<div class=\"elementor-container elementor-column-gap-extended\">\n\t\t\t\t\t<div class=\"elementor-column elementor-col-50 elementor-top-column elementor-element elementor-element-ab2a929\" data-id=\"ab2a929\" data-element_type=\"column\">\n\t\t\t<div class=\"elementor-widget-wrap elementor-element-populated\">\n\t\t\t\t\t\t<div class=\"elementor-element elementor-element-7d1a52bd elementor-invisible elementor-widget elementor-widget-heading\" data-id=\"7d1a52bd\" data-element_type=\"widget\" data-settings=\"{&quot;_animation&quot;:&quot;fadeInUp&quot;}\" data-widget_type=\"heading.default\">\n\t\t\t\t<div class=\"elementor-widget-container\">\n\t\t\t\t\t<h2 class=\"elementor-heading-title elementor-size-default\">Sortir \u00e0 Marrakech <br> Nos Adresses Coup de C\u0153ur !<\/h2>\t\t\t\t<\/div>\n\t\t\t\t<\/div>\n\t\t\t\t\t<\/div>\n\t\t<\/div>\n\t\t\t\t<div class=\"elementor-column elementor-col-50 elementor-top-column elementor-element elementor-element-37b4dbac\" data-id=\"37b4dbac\" data-element_type=\"column\">\n\t\t\t<div class=\"elementor-widget-wrap\">\n\t\t\t\t\t\t\t<\/div>\n\t\t<\/div>\n\t\t\t\t\t<\/div>\n\t\t<\/section>\n\t\t\t\t<section class=\"elementor-section elementor-top-section elementor-element elementor-element-880e4bd elementor-section-boxed elementor-section-height-default elementor-section-height-default\" data-id=\"880e4bd\" data-element_type=\"section\" data-settings=\"{&quot;background_background&quot;:&quot;classic&quot;}\">\n\t\t\t\t\t\t<div class=\"elementor-container elementor-column-gap-extended\">\n\t\t\t\t\t<div class=\"elementor-column elementor-col-50 elementor-top-column elementor-element elementor-element-52a91b47\" data-id=\"52a91b47\" data-element_type=\"column\">\n\t\t\t<div class=\"elementor-widget-wrap elementor-element-populated\">\n\t\t\t\t\t\t<section class=\"elementor-section elementor-top-section elementor-element elementor-element-fbd737 elementor-section-boxed elementor-section-height-default elementor-section-height-default\" data-id=\"fbd737\" data-element_type=\"section\">\n\t\t\t\t\t\t<div class=\"elementor-container elementor-column-gap-no\">\n\t\t\t\t\t<div class=\"elementor-column elementor-col-100 elementor-top-column elementor-element elementor-element-74bbe58f\" data-id=\"74bbe58f\" data-element_type=\"column\" data-settings=\"{&quot;background_background&quot;:&quot;classic&quot;}\">\n\t\t\t<div class=\"elementor-widget-wrap elementor-element-populated\">\n\t\t\t\t\t\t<section class=\"elementor-section elementor-inner-section elementor-element elementor-element-11552352 elementor-section-boxed elementor-section-height-default elementor-section-height-default\" data-id=\"11552352\" data-element_type=\"section\">\n\t\t\t\t\t\t<div class=\"elementor-container elementor-column-gap-extended\">\n\t\t\t\t\t<div class=\"elementor-column elementor-col-100 elementor-inner-column elementor-element elementor-element-7597fc5a\" data-id=\"7597fc5a\" data-element_type=\"column\">\n\t\t\t<div class=\"elementor-widget-wrap elementor-element-populated\">\n\t\t\t\t\t\t<div class=\"elementor-element elementor-element-40da5b5a elementor-widget elementor-widget-image\" data-id=\"40da5b5a\" data-element_type=\"widget\" data-widget_type=\"image.default\">\n\t\t\t\t<div class=\"elementor-widget-container\">\n\t\t\t\t\t\t\t\t\t\t\t\t\t\t\t\t<a href=\"https:\/\/www.kechmust.com\/wp-content\/uploads\/2025\/06\/Marrakech-Buggy-Experience_-Desert-and-Palmeraie.jpeg\" data-elementor-open-lightbox=\"yes\" data-elementor-lightbox-title=\"Marrakech Buggy Experience_ Desert and Palmeraie\" data-e-action-hash=\"#elementor-action%3Aaction%3Dlightbox%26settings%3DeyJpZCI6MjMwLCJ1cmwiOiJodHRwczpcL1wvd3d3LmtlY2htdXN0LmNvbVwvd3AtY29udGVudFwvdXBsb2Fkc1wvMjAyNVwvMDZcL01hcnJha2VjaC1CdWdneS1FeHBlcmllbmNlXy1EZXNlcnQtYW5kLVBhbG1lcmFpZS5qcGVnIn0%3D\">\n\t\t\t\t\t\t\t<img fetchpriority=\"high\" decoding=\"async\" width=\"736\" height=\"920\" src=\"https:\/\/www.kechmust.com\/wp-content\/uploads\/2025\/06\/Marrakech-Buggy-Experience_-Desert-and-Palmeraie.jpeg\" class=\"attachment-full size-full wp-image-230\" alt=\"\" srcset=\"https:\/\/www.kechmust.com\/wp-content\/uploads\/2025\/06\/Marrakech-Buggy-Experience_-Desert-and-Palmeraie.jpeg 736w, https:\/\/www.kechmust.com\/wp-content\/uploads\/2025\/06\/Marrakech-Buggy-Experience_-Desert-and-Palmeraie-240x300.jpeg 240w\" sizes=\"(max-width: 736px) 100vw, 736px\" \/>\t\t\t\t\t\t\t\t<\/a>\n\t\t\t\t\t\t\t\t\t\t\t\t\t\t\t<\/div>\n\t\t\t\t<\/div>\n\t\t\t\t\t<\/div>\n\t\t<\/div>\n\t\t\t\t\t<\/div>\n\t\t<\/section>\n\t\t\t\t<section class=\"elementor-section elementor-inner-section elementor-element elementor-element-768463d0 elementor-section-boxed elementor-section-height-default elementor-section-height-default\" data-id=\"768463d0\" data-element_type=\"section\" data-settings=\"{&quot;background_background&quot;:&quot;classic&quot;}\">\n\t\t\t\t\t\t<div class=\"elementor-container elementor-column-gap-extended\">\n\t\t\t\t\t<div class=\"elementor-column elementor-col-100 elementor-inner-column elementor-element elementor-element-6651e383\" data-id=\"6651e383\" data-element_type=\"column\" data-settings=\"{&quot;background_background&quot;:&quot;classic&quot;}\">\n\t\t\t<div class=\"elementor-widget-wrap elementor-element-populated\">\n\t\t\t\t\t\t<div class=\"elementor-element elementor-element-4ad1d116 elementor-widget elementor-widget-heading\" data-id=\"4ad1d116\" data-element_type=\"widget\" data-widget_type=\"heading.default\">\n\t\t\t\t<div class=\"elementor-widget-container\">\n\t\t\t\t\t<h3 class=\"elementor-heading-title elementor-size-default\">MARRAK'SQUAD<\/h3>\t\t\t\t<\/div>\n\t\t\t\t<\/div>\n\t\t\t\t<div class=\"elementor-element elementor-element-59851cc1 elementor-widget elementor-widget-text-editor\" data-id=\"59851cc1\" data-element_type=\"widget\" data-widget_type=\"text-editor.default\">\n\t\t\t\t<div class=\"elementor-widget-container\">\n\t\t\t\t\t\t\t\t\t<p>D\u00e9couvrez Marrak\u2019S Quad : sensations fortes en quad, buggy ou motocross au c\u0153ur de la palmeraie et du d\u00e9sert de Marrakech. Tours guid\u00e9s, s\u00e9curit\u00e9 assur\u00e9e, pause th\u00e9, excursions sur mesure.<\/p>\t\t\t\t\t\t\t\t<\/div>\n\t\t\t\t<\/div>\n\t\t\t\t<div class=\"elementor-element elementor-element-e36c77e elementor-align-left elementor-mobile-align-center elementor-widget elementor-widget-button\" data-id=\"e36c77e\" data-element_type=\"widget\" data-widget_type=\"button.default\">\n\t\t\t\t<div class=\"elementor-widget-container\">\n\t\t\t\t\t\t\t\t\t<div class=\"elementor-button-wrapper\">\n\t\t\t\t\t<a class=\"elementor-button elementor-button-link elementor-size-sm\" href=\"https:\/\/marraksquad.com\/\">\n\t\t\t\t\t\t<span class=\"elementor-button-content-wrapper\">\n\t\t\t\t\t\t\t\t\t<span class=\"elementor-button-text\">R\u00e9servation<\/span>\n\t\t\t\t\t<\/span>\n\t\t\t\t\t<\/a>\n\t\t\t\t<\/div>\n\t\t\t\t\t\t\t\t<\/div>\n\t\t\t\t<\/div>\n\t\t\t\t\t<\/div>\n\t\t<\/div>\n\t\t\t\t\t<\/div>\n\t\t<\/section>\n\t\t\t\t\t<\/div>\n\t\t<\/div>\n\t\t\t\t\t<\/div>\n\t\t<\/section>\n\t\t\t\t\t<\/div>\n\t\t<\/div>\n\t\t\t\t<div class=\"elementor-column elementor-col-50 elementor-top-column elementor-element elementor-element-a7da542\" data-id=\"a7da542\" data-element_type=\"column\">\n\t\t\t<div class=\"elementor-widget-wrap elementor-element-populated\">\n\t\t\t\t\t\t<section class=\"elementor-section elementor-top-section elementor-element elementor-element-b19c0dc elementor-section-boxed elementor-section-height-default elementor-section-height-default\" data-id=\"b19c0dc\" data-element_type=\"section\">\n\t\t\t\t\t\t<div class=\"elementor-container elementor-column-gap-no\">\n\t\t\t\t\t<div class=\"elementor-column elementor-col-100 elementor-top-column elementor-element elementor-element-01132c2\" data-id=\"01132c2\" data-element_type=\"column\" data-settings=\"{&quot;background_background&quot;:&quot;classic&quot;}\">\n\t\t\t<div class=\"elementor-widget-wrap elementor-element-populated\">\n\t\t\t\t\t\t<section class=\"elementor-section elementor-inner-section elementor-element elementor-element-6f6a03b elementor-section-boxed elementor-section-height-default elementor-section-height-default\" data-id=\"6f6a03b\" data-element_type=\"section\">\n\t\t\t\t\t\t<div class=\"elementor-container elementor-column-gap-extended\">\n\t\t\t\t\t<div class=\"elementor-column elementor-col-100 elementor-inner-column elementor-element elementor-element-a307f19\" data-id=\"a307f19\" data-element_type=\"column\">\n\t\t\t<div class=\"elementor-widget-wrap\">\n\t\t\t\t\t\t\t<\/div>\n\t\t<\/div>\n\t\t\t\t\t<\/div>\n\t\t<\/section>\n\t\t\t\t\t<\/div>\n\t\t<\/div>\n\t\t\t\t\t<\/div>\n\t\t<\/section>\n\t\t\t\t\t<\/div>\n\t\t<\/div>\n\t\t\t\t\t<\/div>\n\t\t<\/section>\n\t\t\t\t<\/div>\n\t\t","protected":false},"excerpt":{"rendered":"<p>Sortir \u00e0 Marrakech Nos Adresses Coup de C\u0153ur ! MARRAK&rsquo;SQUAD D\u00e9couvrez Marrak\u2019S Quad : sensations fortes en quad, buggy ou motocross au c\u0153ur de la palmeraie et du d\u00e9sert de Marrakech. Tours guid\u00e9s, s\u00e9curit\u00e9 assur\u00e9e, pause th\u00e9, excursions sur mesure. R\u00e9servation<\/p>\n","protected":false},"author":1,"featured_media":0,"parent":0,"menu_order":0,"comment_status":"closed","ping_status":"closed","template":"","meta":{"_kad_post_transparent":"","_kad_post_title":"hide","_kad_post_layout":"fullwidth","_kad_post_sidebar_id":"","_kad_post_content_style":"unboxed","_kad_post_vertical_padding":"hide","_kad_post_feature":"hide","_kad_post_feature_position":"","_kad_post_header":false,"_kad_post_footer":false,"footnotes":""},"class_list":["post-24","page","type-page","status-publish","hentry"],"_links":{"self":[{"href":"https:\/\/www.kechmust.com\/index.php\/wp-json\/wp\/v2\/pages\/24","targetHints":{"allow":["GET"]}}],"collection":[{"href":"https:\/\/www.kechmust.com\/index.php\/wp-json\/wp\/v2\/pages"}],"about":[{"href":"https:\/\/www.kechmust.com\/index.php\/wp-json\/wp\/v2\/types\/page"}],"author":[{"embeddable":true,"href":"https:\/\/www.kechmust.com\/index.php\/wp-json\/wp\/v2\/users\/1"}],"replies":[{"embeddable":true,"href":"https:\/\/www.kechmust.com\/index.php\/wp-json\/wp\/v2\/comments?post=24"}],"version-history":[{"count":34,"href":"https:\/\/www.kechmust.com\/index.php\/wp-json\/wp\/v2\/pages\/24\/revisions"}],"predecessor-version":[{"id":476,"href":"https:\/\/www.kechmust.com\/index.php\/wp-json\/wp\/v2\/pages\/24\/revisions\/476"}],"wp:attachment":[{"href":"https:\/\/www.kechmust.com\/index.php\/wp-json\/wp\/v2\/media?parent=24"}],"curies":[{"name":"wp","href":"https:\/\/api.w.org\/{rel}","templated":true}]}}