{"id":299,"date":"2025-06-29T00:25:53","date_gmt":"2025-06-28T22:25:53","guid":{"rendered":"https:\/\/www.kechmust.com\/?page_id=299"},"modified":"2025-06-29T23:14:43","modified_gmt":"2025-06-29T21:14:43","slug":"annonces-immobilieres","status":"publish","type":"page","link":"https:\/\/www.kechmust.com\/index.php\/annonces-immobilieres\/","title":{"rendered":"Annonces immobili\u00e8res"},"content":{"rendered":"\t\t<div data-elementor-type=\"wp-page\" data-elementor-id=\"299\" class=\"elementor elementor-299\">\n\t\t\t\t\t\t<section class=\"elementor-section elementor-top-section elementor-element elementor-element-c03f095 elementor-section-content-middle elementor-section-boxed elementor-section-height-default elementor-section-height-default\" data-id=\"c03f095\" data-element_type=\"section\" data-settings=\"{&quot;background_background&quot;:&quot;classic&quot;}\">\n\t\t\t\t\t\t<div class=\"elementor-container elementor-column-gap-extended\">\n\t\t\t\t\t<div class=\"elementor-column elementor-col-50 elementor-top-column elementor-element elementor-element-afd99c9\" data-id=\"afd99c9\" data-element_type=\"column\">\n\t\t\t<div class=\"elementor-widget-wrap elementor-element-populated\">\n\t\t\t\t\t\t<div class=\"elementor-element elementor-element-f1ae933 elementor-invisible elementor-widget elementor-widget-heading\" data-id=\"f1ae933\" data-element_type=\"widget\" data-settings=\"{&quot;_animation&quot;:&quot;fadeInUp&quot;}\" data-widget_type=\"heading.default\">\n\t\t\t\t<div class=\"elementor-widget-container\">\n\t\t\t\t\t<h1 class=\"elementor-heading-title elementor-size-default\">Acheter un Bien \u00e0 Marrakech \u2013 Villas, Riads et Appartements \u00e0 Vendre\n\n<\/h1>\t\t\t\t<\/div>\n\t\t\t\t<\/div>\n\t\t\t\t\t<\/div>\n\t\t<\/div>\n\t\t\t\t<div class=\"elementor-column elementor-col-50 elementor-top-column elementor-element elementor-element-4525ac3\" data-id=\"4525ac3\" data-element_type=\"column\">\n\t\t\t<div class=\"elementor-widget-wrap\">\n\t\t\t\t\t\t\t<\/div>\n\t\t<\/div>\n\t\t\t\t\t<\/div>\n\t\t<\/section>\n\t\t\t\t<section class=\"elementor-section elementor-top-section elementor-element elementor-element-8ccf502 elementor-section-boxed elementor-section-height-default elementor-section-height-default\" data-id=\"8ccf502\" data-element_type=\"section\" data-settings=\"{&quot;background_background&quot;:&quot;classic&quot;}\">\n\t\t\t\t\t\t<div class=\"elementor-container elementor-column-gap-no\">\n\t\t\t\t\t<div class=\"elementor-column elementor-col-50 elementor-top-column elementor-element elementor-element-407e742\" data-id=\"407e742\" data-element_type=\"column\" data-settings=\"{&quot;background_background&quot;:&quot;classic&quot;}\">\n\t\t\t<div class=\"elementor-widget-wrap elementor-element-populated\">\n\t\t\t\t\t\t<section class=\"elementor-section elementor-inner-section elementor-element elementor-element-90f020b elementor-section-boxed elementor-section-height-default elementor-section-height-default\" data-id=\"90f020b\" data-element_type=\"section\">\n\t\t\t\t\t\t<div class=\"elementor-container elementor-column-gap-extended\">\n\t\t\t\t\t<div class=\"elementor-column elementor-col-100 elementor-inner-column elementor-element elementor-element-cce0523\" data-id=\"cce0523\" data-element_type=\"column\">\n\t\t\t<div class=\"elementor-widget-wrap elementor-element-populated\">\n\t\t\t\t\t\t<div class=\"elementor-element elementor-element-524e741 elementor-widget elementor-widget-image\" data-id=\"524e741\" data-element_type=\"widget\" data-widget_type=\"image.default\">\n\t\t\t\t<div class=\"elementor-widget-container\">\n\t\t\t\t\t\t\t\t\t\t\t\t\t\t\t<img decoding=\"async\" src=\"https:\/\/www.kechmust.com\/wp-content\/uploads\/elementor\/thumbs\/IMG-20250531-WA0010-r7am67ejyhgjtuq6owq7gyo0vhwxczck2oxfzaplkg.jpg\" title=\"IMG-20250531-WA0010\" alt=\"IMG-20250531-WA0010\" loading=\"lazy\" \/>\t\t\t\t\t\t\t\t\t\t\t\t\t\t\t<\/div>\n\t\t\t\t<\/div>\n\t\t\t\t\t<\/div>\n\t\t<\/div>\n\t\t\t\t\t<\/div>\n\t\t<\/section>\n\t\t\t\t<section class=\"elementor-section elementor-inner-section elementor-element elementor-element-a3b0787 elementor-section-boxed elementor-section-height-default elementor-section-height-default\" data-id=\"a3b0787\" data-element_type=\"section\" data-settings=\"{&quot;background_background&quot;:&quot;classic&quot;}\">\n\t\t\t\t\t\t<div class=\"elementor-container elementor-column-gap-extended\">\n\t\t\t\t\t<div class=\"elementor-column elementor-col-100 elementor-inner-column elementor-element elementor-element-d937ee5\" data-id=\"d937ee5\" data-element_type=\"column\" data-settings=\"{&quot;background_background&quot;:&quot;classic&quot;}\">\n\t\t\t<div class=\"elementor-widget-wrap elementor-element-populated\">\n\t\t\t\t\t\t<div class=\"elementor-element elementor-element-08f20ae elementor-widget elementor-widget-heading\" data-id=\"08f20ae\" data-element_type=\"widget\" data-widget_type=\"heading.default\">\n\t\t\t\t<div class=\"elementor-widget-container\">\n\t\t\t\t\t<h3 class=\"elementor-heading-title elementor-size-default\"><a href=\"https:\/\/bonplankech.com\/location-villa-appartement-marrakech-best-of-villa\/appartements\/\"> Appartements \u00e0 vendre sur marrakech<\/a><\/h3>\t\t\t\t<\/div>\n\t\t\t\t<\/div>\n\t\t\t\t<div class=\"elementor-element elementor-element-481d233 elementor-align-center elementor-mobile-align-center elementor-widget elementor-widget-button\" data-id=\"481d233\" data-element_type=\"widget\" data-widget_type=\"button.default\">\n\t\t\t\t<div class=\"elementor-widget-container\">\n\t\t\t\t\t\t\t\t\t<div class=\"elementor-button-wrapper\">\n\t\t\t\t\t<a class=\"elementor-button elementor-button-link elementor-size-sm\" href=\"https:\/\/www.kechmust.com\/index.php\/annonces-immobilieres\/nos-appartements-a-vendre\/\">\n\t\t\t\t\t\t<span class=\"elementor-button-content-wrapper\">\n\t\t\t\t\t\t\t\t\t<span class=\"elementor-button-text\">Appartements \u00e0 vendre<\/span>\n\t\t\t\t\t<\/span>\n\t\t\t\t\t<\/a>\n\t\t\t\t<\/div>\n\t\t\t\t\t\t\t\t<\/div>\n\t\t\t\t<\/div>\n\t\t\t\t\t<\/div>\n\t\t<\/div>\n\t\t\t\t\t<\/div>\n\t\t<\/section>\n\t\t\t\t\t<\/div>\n\t\t<\/div>\n\t\t\t\t<div class=\"elementor-column elementor-col-50 elementor-top-column elementor-element elementor-element-9ffe8fb\" data-id=\"9ffe8fb\" data-element_type=\"column\" data-settings=\"{&quot;background_background&quot;:&quot;classic&quot;}\">\n\t\t\t<div class=\"elementor-widget-wrap elementor-element-populated\">\n\t\t\t\t<div class=\"elementor-element elementor-element-4569e92 e-con-full e-flex e-con e-parent\" data-id=\"4569e92\" data-element_type=\"container\">\n\t\t<div class=\"elementor-element elementor-element-ac1b2ee e-con-full e-flex e-con e-child\" data-id=\"ac1b2ee\" data-element_type=\"container\">\n\t\t\t\t<div class=\"elementor-element elementor-element-49d1cb4 elementor-widget elementor-widget-image\" data-id=\"49d1cb4\" data-element_type=\"widget\" data-widget_type=\"image.default\">\n\t\t\t\t<div class=\"elementor-widget-container\">\n\t\t\t\t\t\t\t\t\t\t\t\t\t\t\t<img decoding=\"async\" src=\"https:\/\/www.kechmust.com\/wp-content\/uploads\/elementor\/thumbs\/pexels-photo-1001965-r7altyk8x6p2kqij7466hjwu9s9s2xqg22ypwiv8mo.jpeg\" title=\"pexels-photo-1001965.jpeg\" alt=\"pexels-photo-1001965.jpeg\" loading=\"lazy\" \/>\t\t\t\t\t\t\t\t\t\t\t\t\t\t\t<\/div>\n\t\t\t\t<\/div>\n\t\t\t\t<\/div>\n\t\t\t\t<\/div>\n\t\t\t\t<section class=\"elementor-section elementor-inner-section elementor-element elementor-element-0bb065d elementor-section-boxed elementor-section-height-default elementor-section-height-default\" data-id=\"0bb065d\" data-element_type=\"section\" data-settings=\"{&quot;background_background&quot;:&quot;classic&quot;}\">\n\t\t\t\t\t\t<div class=\"elementor-container elementor-column-gap-extended\">\n\t\t\t\t\t<div class=\"elementor-column elementor-col-100 elementor-inner-column elementor-element elementor-element-7539626\" data-id=\"7539626\" data-element_type=\"column\" data-settings=\"{&quot;background_background&quot;:&quot;classic&quot;}\">\n\t\t\t<div class=\"elementor-widget-wrap elementor-element-populated\">\n\t\t\t\t\t\t<div class=\"elementor-element elementor-element-fc35b10 elementor-widget elementor-widget-heading\" data-id=\"fc35b10\" data-element_type=\"widget\" data-widget_type=\"heading.default\">\n\t\t\t\t<div class=\"elementor-widget-container\">\n\t\t\t\t\t<h3 class=\"elementor-heading-title elementor-size-default\">villas et riads \u00e0 vendre sur marrakech<\/h3>\t\t\t\t<\/div>\n\t\t\t\t<\/div>\n\t\t\t\t<div class=\"elementor-element elementor-element-3636b17 elementor-align-center elementor-mobile-align-center elementor-widget elementor-widget-button\" data-id=\"3636b17\" data-element_type=\"widget\" data-widget_type=\"button.default\">\n\t\t\t\t<div class=\"elementor-widget-container\">\n\t\t\t\t\t\t\t\t\t<div class=\"elementor-button-wrapper\">\n\t\t\t\t\t<a class=\"elementor-button elementor-button-link elementor-size-sm\" href=\"https:\/\/www.kechmust.com\/index.php\/annonces-immobilieres\/nos-villas-riads-en-vente\/\">\n\t\t\t\t\t\t<span class=\"elementor-button-content-wrapper\">\n\t\t\t\t\t\t\t\t\t<span class=\"elementor-button-text\"> Villas riads \u00e0 vendre<\/span>\n\t\t\t\t\t<\/span>\n\t\t\t\t\t<\/a>\n\t\t\t\t<\/div>\n\t\t\t\t\t\t\t\t<\/div>\n\t\t\t\t<\/div>\n\t\t\t\t\t<\/div>\n\t\t<\/div>\n\t\t\t\t\t<\/div>\n\t\t<\/section>\n\t\t\t\t\t<\/div>\n\t\t<\/div>\n\t\t\t\t\t<\/div>\n\t\t<\/section>\n\t\t<div class=\"elementor-element elementor-element-17306ff e-flex e-con-boxed e-con e-parent\" data-id=\"17306ff\" data-element_type=\"container\">\n\t\t\t\t\t<div class=\"e-con-inner\">\n\t\t\t\t<div class=\"elementor-element elementor-element-0fe63fc elementor-widget elementor-widget-text-editor\" data-id=\"0fe63fc\" data-element_type=\"widget\" data-widget_type=\"text-editor.default\">\n\t\t\t\t<div class=\"elementor-widget-container\">\n\t\t\t\t\t\t\t\t\t<h2 data-start=\"182\" data-end=\"267\">\ud83c\udfe0 Vente Immobili\u00e8re \u00e0 Marrakech \u2013 Appartements, Villas &amp; Riads avec <strong data-start=\"254\" data-end=\"267\">Kech Must<\/strong><\/h2><p data-start=\"269\" data-end=\"532\">Vous souhaitez <strong data-start=\"284\" data-end=\"326\">acheter un bien immobilier \u00e0 Marrakech<\/strong> ?<br data-start=\"328\" data-end=\"331\" \/><strong data-start=\"331\" data-end=\"344\">Kech Must<\/strong> vous accompagne dans votre projet d\u2019investissement ou d\u2019installation, avec une s\u00e9lection exclusive de <strong data-start=\"447\" data-end=\"489\">villas, riads et appartements \u00e0 vendre<\/strong>, dans les meilleurs quartiers de la ville.<\/p><h3 data-start=\"539\" data-end=\"580\">Pourquoi acheter avec <strong data-start=\"565\" data-end=\"578\">Kech Must<\/strong> ?<\/h3><p data-start=\"582\" data-end=\"829\">\u2714\ufe0f Expertise locale du march\u00e9 immobilier<br data-start=\"622\" data-end=\"625\" \/>\u2714\ufe0f Biens v\u00e9rifi\u00e9s et accompagnement juridique<br data-start=\"670\" data-end=\"673\" \/>\u2714\ufe0f Service sur-mesure pour clients marocains et internationaux<br data-start=\"735\" data-end=\"738\" \/>\u2714\ufe0f S\u00e9lection rigoureuse dans les quartiers pris\u00e9s : Hivernage, Gu\u00e9liz, M\u00e9dina, Palmeraie&#8230;<\/p><h3 data-start=\"836\" data-end=\"876\">\ud83c\udfe2 Appartements \u00e0 vendre \u00e0 Marrakech<\/h3><p data-start=\"878\" data-end=\"1128\">D\u00e9couvrez nos <strong data-start=\"892\" data-end=\"917\">appartements \u00e0 vendre<\/strong>, id\u00e9als pour vivre, investir ou louer :<br data-start=\"957\" data-end=\"960\" \/>\ud83d\udd38 Appartements modernes ou traditionnels<br data-start=\"1001\" data-end=\"1004\" \/>\ud83d\udd38 R\u00e9sidences s\u00e9curis\u00e9es avec ascenseur, piscine, parking<br data-start=\"1061\" data-end=\"1064\" \/>\ud83d\udd38 Emplacements strat\u00e9giques proches des commerces et transports<\/p><h3 data-start=\"1135\" data-end=\"1166\">\ud83d\udd4c Riads de charme \u00e0 vendre<\/h3><p data-start=\"1168\" data-end=\"1435\">Offrez-vous un bien unique dans la m\u00e9dina :<br data-start=\"1211\" data-end=\"1214\" \/>\ud83d\udd39 <strong data-start=\"1217\" data-end=\"1247\">Riads r\u00e9nov\u00e9s ou \u00e0 r\u00e9nover<\/strong>, parfaits pour une maison d\u2019h\u00f4tes ou r\u00e9sidence secondaire<br data-start=\"1305\" data-end=\"1308\" \/>\ud83d\udd39 Architecture traditionnelle, patio, terrasse, zelliges et tadelakt<br data-start=\"1377\" data-end=\"1380\" \/>\ud83d\udd39 Opportunit\u00e9 rare pour les amoureux de l\u2019authenticit\u00e9<\/p><h3 data-start=\"1442\" data-end=\"1476\">\ud83c\udfe1 Villas de prestige \u00e0 vendre<\/h3><p data-start=\"1478\" data-end=\"1739\">Envie d\u2019espace et de confort ? <strong data-start=\"1509\" data-end=\"1522\">Kech Must<\/strong> vous propose des <strong data-start=\"1540\" data-end=\"1571\">villas \u00e0 vendre \u00e0 Marrakech<\/strong> :<br data-start=\"1573\" data-end=\"1576\" \/>\ud83c\udf34 Villas contemporaines ou traditionnelles<br data-start=\"1619\" data-end=\"1622\" \/>\ud83c\udfca Avec piscine, jardin, hammam ou terrasse panoramique<br data-start=\"1677\" data-end=\"1680\" \/>\ud83d\udccd Situ\u00e9es \u00e0 la Palmeraie, Route de l\u2019Ourika, Targa, Agdal\u2026<\/p><h3 data-start=\"1746\" data-end=\"1779\">\ud83d\udcc4 Un accompagnement de A \u00e0 Z<\/h3><p data-start=\"1781\" data-end=\"2024\">Que vous soyez <strong data-start=\"1796\" data-end=\"1829\">r\u00e9sident marocain ou expatri\u00e9<\/strong>, nous vous accompagnons \u00e0 chaque \u00e9tape :<br data-start=\"1870\" data-end=\"1873\" \/>\ud83d\udd38 Visites priv\u00e9es<br data-start=\"1891\" data-end=\"1894\" \/>\ud83d\udd38 N\u00e9gociation<br data-start=\"1908\" data-end=\"1911\" \/>\ud83d\udd38 Montage du dossier et accompagnement chez le notaire<br data-start=\"1966\" data-end=\"1969\" \/>\ud83d\udd38 Suivi administratif complet jusqu\u2019\u00e0 l\u2019acte d\u00e9finitif<\/p><h3 data-start=\"2031\" data-end=\"2098\">\ud83d\udd11 Achetez votre bien immobilier \u00e0 Marrakech avec <strong data-start=\"2085\" data-end=\"2098\">Kech Must<\/strong><\/h3><p data-start=\"2100\" data-end=\"2299\">Investir dans l\u2019immobilier \u00e0 Marrakech n\u2019a jamais \u00e9t\u00e9 aussi simple.<br data-start=\"2167\" data-end=\"2170\" \/>Faites confiance \u00e0 <strong data-start=\"2189\" data-end=\"2202\">Kech Must<\/strong> pour trouver le bien qui vous ressemble.<br data-start=\"2243\" data-end=\"2246\" \/>\u2714\ufe0f Fiabilit\u00e9<br data-start=\"2258\" data-end=\"2261\" \/>\u2714\ufe0f Transparence<br data-start=\"2276\" data-end=\"2279\" \/>\u2714\ufe0f Offres exclusives<\/p>\t\t\t\t\t\t\t\t<\/div>\n\t\t\t\t<\/div>\n\t\t\t\t\t<\/div>\n\t\t\t\t<\/div>\n\t\t\t\t<\/div>\n\t\t","protected":false},"excerpt":{"rendered":"<p>Acheter un Bien \u00e0 Marrakech \u2013 Villas, Riads et Appartements \u00e0 Vendre Appartements \u00e0 vendre sur marrakech Appartements \u00e0 vendre villas et riads \u00e0 vendre sur marrakech Villas riads \u00e0 vendre \ud83c\udfe0 Vente Immobili\u00e8re \u00e0 Marrakech \u2013 Appartements, Villas &amp; Riads avec Kech Must Vous souhaitez acheter un bien immobilier \u00e0 Marrakech ?Kech Must vous&#8230;<\/p>\n","protected":false},"author":1,"featured_media":0,"parent":0,"menu_order":0,"comment_status":"closed","ping_status":"closed","template":"","meta":{"_kad_post_transparent":"","_kad_post_title":"hide","_kad_post_layout":"fullwidth","_kad_post_sidebar_id":"","_kad_post_content_style":"unboxed","_kad_post_vertical_padding":"hide","_kad_post_feature":"hide","_kad_post_feature_position":"","_kad_post_header":false,"_kad_post_footer":false,"footnotes":""},"class_list":["post-299","page","type-page","status-publish","hentry"],"_links":{"self":[{"href":"https:\/\/www.kechmust.com\/index.php\/wp-json\/wp\/v2\/pages\/299","targetHints":{"allow":["GET"]}}],"collection":[{"href":"https:\/\/www.kechmust.com\/index.php\/wp-json\/wp\/v2\/pages"}],"about":[{"href":"https:\/\/www.kechmust.com\/index.php\/wp-json\/wp\/v2\/types\/page"}],"author":[{"embeddable":true,"href":"https:\/\/www.kechmust.com\/index.php\/wp-json\/wp\/v2\/users\/1"}],"replies":[{"embeddable":true,"href":"https:\/\/www.kechmust.com\/index.php\/wp-json\/wp\/v2\/comments?post=299"}],"version-history":[{"count":19,"href":"https:\/\/www.kechmust.com\/index.php\/wp-json\/wp\/v2\/pages\/299\/revisions"}],"predecessor-version":[{"id":442,"href":"https:\/\/www.kechmust.com\/index.php\/wp-json\/wp\/v2\/pages\/299\/revisions\/442"}],"wp:attachment":[{"href":"https:\/\/www.kechmust.com\/index.php\/wp-json\/wp\/v2\/media?parent=299"}],"curies":[{"name":"wp","href":"https:\/\/api.w.org\/{rel}","templated":true}]}}