{"id":323,"date":"2025-06-29T01:02:05","date_gmt":"2025-06-28T23:02:05","guid":{"rendered":"https:\/\/www.kechmust.com\/?page_id=323"},"modified":"2025-06-29T23:12:57","modified_gmt":"2025-06-29T21:12:57","slug":"location-longue-duree-2","status":"publish","type":"page","link":"https:\/\/www.kechmust.com\/index.php\/location-longue-duree-2\/","title":{"rendered":"Location longue dur\u00e9e"},"content":{"rendered":"\t\t<div data-elementor-type=\"wp-page\" data-elementor-id=\"323\" class=\"elementor elementor-323\">\n\t\t\t\t\t\t<section class=\"elementor-section elementor-top-section elementor-element elementor-element-5da55df elementor-section-content-middle elementor-section-boxed elementor-section-height-default elementor-section-height-default\" data-id=\"5da55df\" data-element_type=\"section\" data-settings=\"{&quot;background_background&quot;:&quot;classic&quot;}\">\n\t\t\t\t\t\t<div class=\"elementor-container elementor-column-gap-extended\">\n\t\t\t\t\t<div class=\"elementor-column elementor-col-50 elementor-top-column elementor-element elementor-element-8410b51\" data-id=\"8410b51\" data-element_type=\"column\">\n\t\t\t<div class=\"elementor-widget-wrap elementor-element-populated\">\n\t\t\t\t\t\t<div class=\"elementor-element elementor-element-f473585 elementor-invisible elementor-widget elementor-widget-heading\" data-id=\"f473585\" data-element_type=\"widget\" data-settings=\"{&quot;_animation&quot;:&quot;fadeInUp&quot;}\" data-widget_type=\"heading.default\">\n\t\t\t\t<div class=\"elementor-widget-container\">\n\t\t\t\t\t<h1 class=\"elementor-heading-title elementor-size-default\">Louer \u00e0 Marrakech pour une Longue Dur\u00e9e \u2013 Appartements &amp; Villas\n\n<\/h1>\t\t\t\t<\/div>\n\t\t\t\t<\/div>\n\t\t\t\t\t<\/div>\n\t\t<\/div>\n\t\t\t\t<div class=\"elementor-column elementor-col-50 elementor-top-column elementor-element elementor-element-60a20c2\" data-id=\"60a20c2\" data-element_type=\"column\">\n\t\t\t<div class=\"elementor-widget-wrap\">\n\t\t\t\t\t\t\t<\/div>\n\t\t<\/div>\n\t\t\t\t\t<\/div>\n\t\t<\/section>\n\t\t\t\t<section class=\"elementor-section elementor-top-section elementor-element elementor-element-fd13421 elementor-section-boxed elementor-section-height-default elementor-section-height-default\" data-id=\"fd13421\" data-element_type=\"section\" data-settings=\"{&quot;background_background&quot;:&quot;classic&quot;}\">\n\t\t\t\t\t\t<div class=\"elementor-container elementor-column-gap-no\">\n\t\t\t\t\t<div class=\"elementor-column elementor-col-50 elementor-top-column elementor-element elementor-element-124470f\" data-id=\"124470f\" data-element_type=\"column\" data-settings=\"{&quot;background_background&quot;:&quot;classic&quot;}\">\n\t\t\t<div class=\"elementor-widget-wrap elementor-element-populated\">\n\t\t\t\t\t\t<section class=\"elementor-section elementor-inner-section elementor-element elementor-element-17e7ebf elementor-section-boxed elementor-section-height-default elementor-section-height-default\" data-id=\"17e7ebf\" data-element_type=\"section\">\n\t\t\t\t\t\t<div class=\"elementor-container elementor-column-gap-extended\">\n\t\t\t\t\t<div class=\"elementor-column elementor-col-100 elementor-inner-column elementor-element elementor-element-5887a0b\" data-id=\"5887a0b\" data-element_type=\"column\">\n\t\t\t<div class=\"elementor-widget-wrap elementor-element-populated\">\n\t\t\t\t\t\t<div class=\"elementor-element elementor-element-7b31746 elementor-widget elementor-widget-image\" data-id=\"7b31746\" data-element_type=\"widget\" data-widget_type=\"image.default\">\n\t\t\t\t<div class=\"elementor-widget-container\">\n\t\t\t\t\t\t\t\t\t\t\t\t\t\t\t<img decoding=\"async\" src=\"https:\/\/www.kechmust.com\/wp-content\/uploads\/elementor\/thumbs\/freepik__a-medium-shot-captures-a-balcony-view-overlooking-__13121-r7zx0nfuo13vecrxircduep56hzdn7570bu3tnzo1c.png\" title=\"freepik__a-medium-shot-captures-a-balcony-view-overlooking-__13121\" alt=\"freepik__a-medium-shot-captures-a-balcony-view-overlooking-__13121\" loading=\"lazy\" \/>\t\t\t\t\t\t\t\t\t\t\t\t\t\t\t<\/div>\n\t\t\t\t<\/div>\n\t\t\t\t\t<\/div>\n\t\t<\/div>\n\t\t\t\t\t<\/div>\n\t\t<\/section>\n\t\t\t\t<section class=\"elementor-section elementor-inner-section elementor-element elementor-element-f7b1cfa elementor-section-boxed elementor-section-height-default elementor-section-height-default\" data-id=\"f7b1cfa\" data-element_type=\"section\" data-settings=\"{&quot;background_background&quot;:&quot;classic&quot;}\">\n\t\t\t\t\t\t<div class=\"elementor-container elementor-column-gap-extended\">\n\t\t\t\t\t<div class=\"elementor-column elementor-col-100 elementor-inner-column elementor-element elementor-element-1225793\" data-id=\"1225793\" data-element_type=\"column\" data-settings=\"{&quot;background_background&quot;:&quot;classic&quot;}\">\n\t\t\t<div class=\"elementor-widget-wrap elementor-element-populated\">\n\t\t\t\t\t\t<div class=\"elementor-element elementor-element-31c533a elementor-widget elementor-widget-heading\" data-id=\"31c533a\" data-element_type=\"widget\" data-widget_type=\"heading.default\">\n\t\t\t\t<div class=\"elementor-widget-container\">\n\t\t\t\t\t<h3 class=\"elementor-heading-title elementor-size-default\"><a href=\"https:\/\/bonplankech.com\/location-villa-appartement-marrakech-best-of-villa\/appartements\/\">Location appartements sur marrakech<\/a><\/h3>\t\t\t\t<\/div>\n\t\t\t\t<\/div>\n\t\t\t\t<div class=\"elementor-element elementor-element-228f940 elementor-align-center elementor-mobile-align-center elementor-widget elementor-widget-button\" data-id=\"228f940\" data-element_type=\"widget\" data-widget_type=\"button.default\">\n\t\t\t\t<div class=\"elementor-widget-container\">\n\t\t\t\t\t\t\t\t\t<div class=\"elementor-button-wrapper\">\n\t\t\t\t\t<a class=\"elementor-button elementor-button-link elementor-size-sm\" href=\"https:\/\/www.kechmust.com\/index.php\/lld-appartements\/\">\n\t\t\t\t\t\t<span class=\"elementor-button-content-wrapper\">\n\t\t\t\t\t\t\t\t\t<span class=\"elementor-button-text\"> Appartements LLD<\/span>\n\t\t\t\t\t<\/span>\n\t\t\t\t\t<\/a>\n\t\t\t\t<\/div>\n\t\t\t\t\t\t\t\t<\/div>\n\t\t\t\t<\/div>\n\t\t\t\t\t<\/div>\n\t\t<\/div>\n\t\t\t\t\t<\/div>\n\t\t<\/section>\n\t\t\t\t\t<\/div>\n\t\t<\/div>\n\t\t\t\t<div class=\"elementor-column elementor-col-50 elementor-top-column elementor-element elementor-element-ed82e5f\" data-id=\"ed82e5f\" data-element_type=\"column\" data-settings=\"{&quot;background_background&quot;:&quot;classic&quot;}\">\n\t\t\t<div class=\"elementor-widget-wrap elementor-element-populated\">\n\t\t\t\t<div class=\"elementor-element elementor-element-adad9ec e-con-full e-flex e-con e-parent\" data-id=\"adad9ec\" data-element_type=\"container\">\n\t\t<div class=\"elementor-element elementor-element-12626aa e-con-full e-flex e-con e-child\" data-id=\"12626aa\" data-element_type=\"container\">\n\t\t\t\t<div class=\"elementor-element elementor-element-15bc7f5 elementor-widget elementor-widget-image\" data-id=\"15bc7f5\" data-element_type=\"widget\" data-widget_type=\"image.default\">\n\t\t\t\t<div class=\"elementor-widget-container\">\n\t\t\t\t\t\t\t\t\t\t\t\t\t\t\t<img decoding=\"async\" src=\"https:\/\/www.kechmust.com\/wp-content\/uploads\/elementor\/thumbs\/freepik__the-style-is-candid-image-photography-with-natural__41580-r7zx0s51m7ab0el3rbdiovig5fc7ponuoz3j81sp68.png\" title=\"freepik__the-style-is-candid-image-photography-with-natural__41580\" alt=\"freepik__the-style-is-candid-image-photography-with-natural__41580\" loading=\"lazy\" \/>\t\t\t\t\t\t\t\t\t\t\t\t\t\t\t<\/div>\n\t\t\t\t<\/div>\n\t\t\t\t<\/div>\n\t\t\t\t<\/div>\n\t\t\t\t<section class=\"elementor-section elementor-inner-section elementor-element elementor-element-07d9fa0 elementor-section-boxed elementor-section-height-default elementor-section-height-default\" data-id=\"07d9fa0\" data-element_type=\"section\" data-settings=\"{&quot;background_background&quot;:&quot;classic&quot;}\">\n\t\t\t\t\t\t<div class=\"elementor-container elementor-column-gap-extended\">\n\t\t\t\t\t<div class=\"elementor-column elementor-col-100 elementor-inner-column elementor-element elementor-element-1cbd121\" data-id=\"1cbd121\" data-element_type=\"column\" data-settings=\"{&quot;background_background&quot;:&quot;classic&quot;}\">\n\t\t\t<div class=\"elementor-widget-wrap elementor-element-populated\">\n\t\t\t\t\t\t<div class=\"elementor-element elementor-element-c29f5fb elementor-widget elementor-widget-heading\" data-id=\"c29f5fb\" data-element_type=\"widget\" data-widget_type=\"heading.default\">\n\t\t\t\t<div class=\"elementor-widget-container\">\n\t\t\t\t\t<h3 class=\"elementor-heading-title elementor-size-default\"><a href=\"https:\/\/bonplankech.com\/location-villa-appartement-marrakech-best-of-villa\/villas\/\">location villas sur marrakech<\/a><\/h3>\t\t\t\t<\/div>\n\t\t\t\t<\/div>\n\t\t\t\t<div class=\"elementor-element elementor-element-ac408ee elementor-align-center elementor-mobile-align-center elementor-widget elementor-widget-button\" data-id=\"ac408ee\" data-element_type=\"widget\" data-widget_type=\"button.default\">\n\t\t\t\t<div class=\"elementor-widget-container\">\n\t\t\t\t\t\t\t\t\t<div class=\"elementor-button-wrapper\">\n\t\t\t\t\t<a class=\"elementor-button elementor-button-link elementor-size-sm\" href=\"https:\/\/www.kechmust.com\/index.php\/lld-villas\/\">\n\t\t\t\t\t\t<span class=\"elementor-button-content-wrapper\">\n\t\t\t\t\t\t\t\t\t<span class=\"elementor-button-text\"> Villas LLD<\/span>\n\t\t\t\t\t<\/span>\n\t\t\t\t\t<\/a>\n\t\t\t\t<\/div>\n\t\t\t\t\t\t\t\t<\/div>\n\t\t\t\t<\/div>\n\t\t\t\t\t<\/div>\n\t\t<\/div>\n\t\t\t\t\t<\/div>\n\t\t<\/section>\n\t\t\t\t\t<\/div>\n\t\t<\/div>\n\t\t\t\t\t<\/div>\n\t\t<\/section>\n\t\t<div class=\"elementor-element elementor-element-b865d5b e-flex e-con-boxed e-con e-parent\" data-id=\"b865d5b\" data-element_type=\"container\">\n\t\t\t\t\t<div class=\"e-con-inner\">\n\t\t\t\t<div class=\"elementor-element elementor-element-60f5ae2 elementor-widget elementor-widget-text-editor\" data-id=\"60f5ae2\" data-element_type=\"widget\" data-widget_type=\"text-editor.default\">\n\t\t\t\t<div class=\"elementor-widget-container\">\n\t\t\t\t\t\t\t\t\t<h2 data-start=\"195\" data-end=\"250\">\ud83d\udcc5 Location Longue Dur\u00e9e \u00e0 Marrakech \u2013 <strong data-start=\"237\" data-end=\"250\">Kech Must<\/strong><\/h2><p data-start=\"252\" data-end=\"468\">Vous recherchez une <strong data-start=\"272\" data-end=\"309\">location longue dur\u00e9e \u00e0 Marrakech<\/strong> ?<br data-start=\"311\" data-end=\"314\" \/>Avec <strong data-start=\"319\" data-end=\"332\">Kech Must<\/strong>, trouvez l\u2019appartement ou la villa id\u00e9ale pour vivre \u00e0 Marrakech en toute s\u00e9r\u00e9nit\u00e9, que ce soit pour quelques mois ou plusieurs ann\u00e9es.<\/p><h3 data-start=\"475\" data-end=\"514\">Pourquoi louer avec <strong data-start=\"499\" data-end=\"512\">Kech Must<\/strong> ?<\/h3><p data-start=\"516\" data-end=\"732\">\ud83d\udd39 <strong data-start=\"519\" data-end=\"560\">Large choix de biens meubl\u00e9s ou vides<\/strong><br data-start=\"560\" data-end=\"563\" \/>\ud83d\udd39 <strong data-start=\"566\" data-end=\"586\">Quartiers pris\u00e9s<\/strong> : Gu\u00e9liz, Hivernage, Targa, Palmeraie, etc.<br data-start=\"630\" data-end=\"633\" \/>\ud83d\udd39 <strong data-start=\"636\" data-end=\"674\">Service de conciergerie sur-mesure<\/strong><br data-start=\"674\" data-end=\"677\" \/>\ud83d\udd39 <strong data-start=\"680\" data-end=\"732\">Accompagnement de A \u00e0 Z pour expatri\u00e9s et locaux<\/strong><\/p><h3 data-start=\"739\" data-end=\"779\">\ud83c\udfe2 Appartements \u00e0 louer longue dur\u00e9e<\/h3><p data-start=\"781\" data-end=\"1025\">Nos <strong data-start=\"785\" data-end=\"826\">appartements longue dur\u00e9e \u00e0 Marrakech<\/strong> sont parfaits pour les professionnels, les \u00e9tudiants ou les jeunes couples.<br data-start=\"902\" data-end=\"905\" \/>\u2714\ufe0f Studios, F2, F3 meubl\u00e9s ou non<br data-start=\"938\" data-end=\"941\" \/>\u2714\ufe0f R\u00e9sidences s\u00e9curis\u00e9es avec ascenseur et parking<br data-start=\"991\" data-end=\"994\" \/>\u2714\ufe0f Proches de toutes commodit\u00e9s<\/p><h3 data-start=\"1032\" data-end=\"1075\">\ud83c\udfe1 Villas et riads \u00e0 louer longue dur\u00e9e<\/h3><p data-start=\"1077\" data-end=\"1318\">Vous souhaitez plus d\u2019espace et d\u2019intimit\u00e9 ? <strong data-start=\"1122\" data-end=\"1135\">Kech Must<\/strong> vous propose des <strong data-start=\"1153\" data-end=\"1192\">villas \u00e0 louer \u00e0 l\u2019ann\u00e9e ou au mois<\/strong>.<br data-start=\"1193\" data-end=\"1196\" \/>\ud83c\udfe0 Villas avec jardin, piscine, parking<br data-start=\"1235\" data-end=\"1238\" \/>\ud83d\udd4c Riads r\u00e9nov\u00e9s dans la m\u00e9dina<br data-start=\"1269\" data-end=\"1272\" \/>\ud83c\udf34 Biens d\u2019exception dans des quartiers calmes<\/p><h3 data-start=\"1325\" data-end=\"1375\">\ud83d\udcbc Pour les particuliers et les professionnels<\/h3><p data-start=\"1377\" data-end=\"1524\">Que vous soyez <strong data-start=\"1392\" data-end=\"1444\">expatri\u00e9, entrepreneur, famille ou digital nomad<\/strong>, nous vous aidons \u00e0 trouver un logement adapt\u00e9 \u00e0 vos besoins et \u00e0 votre budget.<\/p><h3 data-start=\"1531\" data-end=\"1568\">\ud83d\ude80 Services inclus avec Kech Must<\/h3><p data-start=\"1570\" data-end=\"1721\">\u2728 D\u00e9marches simplifi\u00e9es<br data-start=\"1593\" data-end=\"1596\" \/>\ud83d\udcd1 Assistance contrat et \u00e9tat des lieux<br data-start=\"1635\" data-end=\"1638\" \/>\ud83e\uddf9 Entretien, m\u00e9nage et maintenance<br data-start=\"1673\" data-end=\"1676\" \/>\ud83d\udce6 Mise en place possible avant votre arriv\u00e9e<\/p><h3 data-start=\"1728\" data-end=\"1782\">\ud83d\udd10 Trouvez votre logement longue dur\u00e9e \u00e0 Marrakech<\/h3><p data-start=\"1784\" data-end=\"1985\">Avec <strong data-start=\"1789\" data-end=\"1802\">Kech Must<\/strong>, trouvez facilement votre <strong data-start=\"1829\" data-end=\"1866\">location longue dur\u00e9e \u00e0 Marrakech<\/strong>, en toute confiance.<br data-start=\"1887\" data-end=\"1890\" \/>\u2714\ufe0f Biens v\u00e9rifi\u00e9s<br data-start=\"1907\" data-end=\"1910\" \/>\u2714\ufe0f Service client disponible<br data-start=\"1938\" data-end=\"1941\" \/>\u2714\ufe0f Prix transparents, sans mauvaise surprise<\/p>\t\t\t\t\t\t\t\t<\/div>\n\t\t\t\t<\/div>\n\t\t\t\t\t<\/div>\n\t\t\t\t<\/div>\n\t\t\t\t<\/div>\n\t\t","protected":false},"excerpt":{"rendered":"<p>Louer \u00e0 Marrakech pour une Longue Dur\u00e9e \u2013 Appartements &amp; Villas Location appartements sur marrakech Appartements LLD location villas sur marrakech Villas LLD \ud83d\udcc5 Location Longue Dur\u00e9e \u00e0 Marrakech \u2013 Kech Must Vous recherchez une location longue dur\u00e9e \u00e0 Marrakech ?Avec Kech Must, trouvez l\u2019appartement ou la villa id\u00e9ale pour vivre \u00e0 Marrakech en toute&#8230;<\/p>\n","protected":false},"author":1,"featured_media":0,"parent":0,"menu_order":0,"comment_status":"closed","ping_status":"closed","template":"","meta":{"_kad_post_transparent":"","_kad_post_title":"hide","_kad_post_layout":"fullwidth","_kad_post_sidebar_id":"","_kad_post_content_style":"unboxed","_kad_post_vertical_padding":"hide","_kad_post_feature":"hide","_kad_post_feature_position":"","_kad_post_header":false,"_kad_post_footer":false,"footnotes":""},"class_list":["post-323","page","type-page","status-publish","hentry"],"_links":{"self":[{"href":"https:\/\/www.kechmust.com\/index.php\/wp-json\/wp\/v2\/pages\/323","targetHints":{"allow":["GET"]}}],"collection":[{"href":"https:\/\/www.kechmust.com\/index.php\/wp-json\/wp\/v2\/pages"}],"about":[{"href":"https:\/\/www.kechmust.com\/index.php\/wp-json\/wp\/v2\/types\/page"}],"author":[{"embeddable":true,"href":"https:\/\/www.kechmust.com\/index.php\/wp-json\/wp\/v2\/users\/1"}],"replies":[{"embeddable":true,"href":"https:\/\/www.kechmust.com\/index.php\/wp-json\/wp\/v2\/comments?post=323"}],"version-history":[{"count":16,"href":"https:\/\/www.kechmust.com\/index.php\/wp-json\/wp\/v2\/pages\/323\/revisions"}],"predecessor-version":[{"id":436,"href":"https:\/\/www.kechmust.com\/index.php\/wp-json\/wp\/v2\/pages\/323\/revisions\/436"}],"wp:attachment":[{"href":"https:\/\/www.kechmust.com\/index.php\/wp-json\/wp\/v2\/media?parent=323"}],"curies":[{"name":"wp","href":"https:\/\/api.w.org\/{rel}","templated":true}]}}